{"id":5685,"date":"2023-01-23T09:14:00","date_gmt":"2023-01-23T09:14:00","guid":{"rendered":"https:\/\/langneranlagenba-npqunyv8c2.live-website.com\/?page_id=5685"},"modified":"2024-04-08T13:41:38","modified_gmt":"2024-04-08T13:41:38","slug":"referenzen","status":"publish","type":"page","link":"https:\/\/langner-anlagenbau.de\/en\/referenzen\/","title":{"rendered":"References"},"content":{"rendered":"\t\t<div data-elementor-type=\"wp-page\" data-elementor-id=\"5685\" class=\"elementor elementor-5685\" data-elementor-post-type=\"page\">\n\t\t\t\t\t\t<section class=\"elementor-section elementor-top-section elementor-element elementor-element-d334cba qodef-elementor-content-grid elementor-section-boxed elementor-section-height-default elementor-section-height-default\" data-id=\"d334cba\" data-element_type=\"section\" data-e-type=\"section\">\n\t\t\t\t\t\t<div class=\"elementor-container elementor-column-gap-default\">\n\t\t\t\t\t<div class=\"elementor-column elementor-col-50 elementor-top-column elementor-element elementor-element-f4e99a6\" data-id=\"f4e99a6\" data-element_type=\"column\" data-e-type=\"column\">\n\t\t\t<div class=\"elementor-widget-wrap elementor-element-populated\">\n\t\t\t\t\t\t<div class=\"elementor-element elementor-element-ff9fc9b elementor-widget elementor-widget-stal_core_section_title\" data-id=\"ff9fc9b\" data-element_type=\"widget\" data-e-type=\"widget\" data-widget_type=\"stal_core_section_title.default\">\n\t\t\t\t<div class=\"elementor-widget-container\">\n\t\t\t\t\t<div class=\"qodef-shortcode qodef-m  qodef-section-title qodef-alignment--left  qodef-title-with-tagline\">\n\t\t<div class=\"qodef-m-title-wrap\">\n\t        <h6 class=\"qodef-m-title-tagline\" >Referenzen<\/h6>\n    \t<h2 class=\"qodef-m-title\" >\n\t\t\t\t\tLangj\u00e4hrige Zuverl\u00e4ssigkeit\t\t\t<\/h2>\n\t\n\t<\/div>\n\t\t<p class=\"qodef-m-text\" style=\"font-size: 19px;line-height: 30px\">Wir haben zahlreiche Projekte f\u00fcr namhafte Unternehmen erfolgreich umgesetzt.\nUnser bew\u00e4hrtes Team von unabh\u00e4ngigen Experten arbeitet eng zusammen, um die Auftr\u00e4ge unter der Federf\u00fchrung von LANGNER abzuwickeln. Den Bau f\u00fchren wir in Zusammenarbeit mit zwei Partnerunternehmen durch.<\/p>\n<\/div>\t\t\t\t<\/div>\n\t\t\t\t<\/div>\n\t\t\t\t<div class=\"elementor-element elementor-element-c84404e elementor-widget elementor-widget-stal_core_section_title\" data-id=\"c84404e\" data-element_type=\"widget\" data-e-type=\"widget\" data-widget_type=\"stal_core_section_title.default\">\n\t\t\t\t<div class=\"elementor-widget-container\">\n\t\t\t\t\t<div class=\"qodef-shortcode qodef-m  qodef-section-title qodef-alignment--left  qodef-title-with-tagline\">\n\t\t\t<p class=\"qodef-m-text\" style=\"font-size: 19px;line-height: 30px\">Wir pflegen enge Beziehungen zu unseren Zulieferern, die allesamt T\u00dcV-zertifizierte Unternehmen im In- und Ausland sind. Unsere Zulieferer konzentrieren sich haupts\u00e4chlich auf die Produktion und nicht auf den Vertrieb oder die Planung, wodurch wir uns optimal erg\u00e4nzen.<\/p>\n<\/div>\t\t\t\t<\/div>\n\t\t\t\t<\/div>\n\t\t\t\t\t<\/div>\n\t\t<\/div>\n\t\t\t\t<div class=\"elementor-column elementor-col-50 elementor-top-column elementor-element elementor-element-83551d1\" data-id=\"83551d1\" data-element_type=\"column\" data-e-type=\"column\">\n\t\t\t<div class=\"elementor-widget-wrap elementor-element-populated\">\n\t\t\t\t\t\t<div class=\"elementor-element elementor-element-1e4008c elementor-widget elementor-widget-stal_core_section_title\" data-id=\"1e4008c\" data-element_type=\"widget\" data-e-type=\"widget\" data-widget_type=\"stal_core_section_title.default\">\n\t\t\t\t<div class=\"elementor-widget-container\">\n\t\t\t\t\t<div class=\"qodef-shortcode qodef-m  qodef-section-title qodef-alignment--left  qodef-title-with-tagline\">\n\t\t\t<p class=\"qodef-m-text\" style=\"font-size: 19px;line-height: 30px\">Aktuell bearbeiten wir ein Angebotsvolumen von ca. 18,0 Mio. \u20ac, was etwa 150 Beh\u00e4ltern entspricht. Unser Partnerbetrieb verf\u00fcgt \u00fcber eine Produktionsfl\u00e4che von rund 35.000 m\u00b2, in der mehr als 250 Mitarbeiter t\u00e4tig sind. Wir bieten ein breites Spektrum an Materialien an, von Edelstahl \u00fcber Hastelloy bis hin zu Schwarzstahl und Stahlbau. Unsere hochwertigen Fertigungsbedingungen und umfangreichen Werkzeugmaschinen erm\u00f6glichen es uns, das volle Programm anzubieten.<\/p>\n<\/div>\t\t\t\t<\/div>\n\t\t\t\t<\/div>\n\t\t\t\t\t<\/div>\n\t\t<\/div>\n\t\t\t\t\t<\/div>\n\t\t<\/section>\n\t\t\t\t<section class=\"elementor-section elementor-top-section elementor-element elementor-element-b6d480e elementor-section-boxed elementor-section-height-default elementor-section-height-default qodef-elementor-content-no\" data-id=\"b6d480e\" data-element_type=\"section\" data-e-type=\"section\">\n\t\t\t\t\t\t<div class=\"elementor-container elementor-column-gap-default\">\n\t\t\t\t\t<div class=\"elementor-column elementor-col-100 elementor-top-column elementor-element elementor-element-d2b256d\" data-id=\"d2b256d\" data-element_type=\"column\" data-e-type=\"column\">\n\t\t\t<div class=\"elementor-widget-wrap elementor-element-populated\">\n\t\t\t\t\t\t<div class=\"elementor-element elementor-element-e402bd0 elementor-widget elementor-widget-stal_core_portfolio_list\" data-id=\"e402bd0\" data-element_type=\"widget\" data-e-type=\"widget\" data-widget_type=\"stal_core_portfolio_list.default\">\n\t\t\t\t<div class=\"elementor-widget-container\">\n\t\t\t\t\t<div class=\"qodef-shortcode qodef-m  qodef-portfolio-list qodef-item-layout--info-below qodef-grid qodef-layout--columns  qodef-gutter--medium qodef-col-num--3 qodef-item-layout--info-below qodef-responsive--predefined qodef-hover-animation--tilt\" data-options=\"{&quot;plugin&quot;:&quot;stal_core&quot;,&quot;module&quot;:&quot;post-types\\\/portfolio\\\/shortcodes&quot;,&quot;shortcode&quot;:&quot;portfolio-list&quot;,&quot;post_type&quot;:&quot;portfolio-item&quot;,&quot;next_page&quot;:&quot;2&quot;,&quot;max_pages_num&quot;:1,&quot;behavior&quot;:&quot;columns&quot;,&quot;images_proportion&quot;:&quot;custom&quot;,&quot;custom_image_width&quot;:&quot;350&quot;,&quot;custom_image_height&quot;:&quot;350&quot;,&quot;columns&quot;:&quot;3&quot;,&quot;space&quot;:&quot;medium&quot;,&quot;posts_per_page&quot;:&quot;12&quot;,&quot;order&quot;:&quot;DESC&quot;,&quot;additional_params&quot;:&quot;tax&quot;,&quot;tax&quot;:&quot;portfolio-category&quot;,&quot;tax_slug&quot;:&quot;referenzen&quot;,&quot;layout&quot;:&quot;info-below&quot;,&quot;hover_animation_info-below&quot;:&quot;tilt&quot;,&quot;hover_animation_info-on-hover&quot;:&quot;fade-in&quot;,&quot;title_tag&quot;:&quot;h4&quot;,&quot;custom_padding&quot;:&quot;no&quot;,&quot;object_class_name&quot;:&quot;StalCorePortfolioListShortcode&quot;,&quot;taxonomy_filter&quot;:&quot;portfolio-category&quot;,&quot;additional_query_args&quot;:{&quot;tax_query&quot;:[{&quot;taxonomy&quot;:&quot;portfolio-category&quot;,&quot;field&quot;:&quot;slug&quot;,&quot;terms&quot;:&quot;referenzen&quot;}]},&quot;space_value&quot;:20}\">\n\t\t<div class=\"qodef-grid-inner clear\">\n\t\t<article class=\"qodef-e qodef-grid-item qodef-item--custom post-5526 portfolio-item type-portfolio-item status-publish has-post-thumbnail hentry portfolio-category-referenzen portfolio-tag-referenz\">\n\t<div class=\"qodef-e-inner\" >\n\t\t<div class=\"qodef-e-image\">\n\t\t\t\t<div class=\"qodef-e-media-image\">\n\t\t<a itemprop=\"url\" href=\"https:\/\/langner-anlagenbau.de\/en\/portfolio-item\/kolonnen\/\">\n\t\t\t<img fetchpriority=\"high\" decoding=\"async\" src=\"https:\/\/langner-anlagenbau.de\/wp-content\/uploads\/2023\/06\/Kolonnenmontage-scaled-350x350.jpg\" alt=\"\" width=\"350\" height=\"350\" data-ratio=\"1\" \/>\t\t<\/a>\n\t<\/div>\n\t\t<\/div>\n\t\t<div class=\"qodef-e-content\" >\n\t\t\t<div class=\"qodef-e-info-category\">\n\t\t\t<a itemprop=\"url\" class=\"qodef-e-category\" href=\"https:\/\/langner-anlagenbau.de\/en\/portfolio-category\/referenzen\/\">\n\t\t\tReferenzen\t\t<\/a>\n\t<\/div>\n\t\t\t<h4 itemprop=\"name\" class=\"qodef-e-title entry-title\" >\n\t<a itemprop=\"url\" class=\"qodef-e-title-link\" href=\"https:\/\/langner-anlagenbau.de\/en\/portfolio-item\/kolonnen\/\">\n\t\tKolonnen\t<\/a>\n<\/h4>\t\t<\/div>\n\t<\/div>\n<\/article><article class=\"qodef-e qodef-grid-item qodef-item--custom post-5524 portfolio-item type-portfolio-item status-publish has-post-thumbnail hentry portfolio-category-referenzen portfolio-tag-referenz\">\n\t<div class=\"qodef-e-inner\" >\n\t\t<div class=\"qodef-e-image\">\n\t\t\t\t<div class=\"qodef-e-media-image\">\n\t\t<a itemprop=\"url\" href=\"https:\/\/langner-anlagenbau.de\/en\/portfolio-item\/silos\/\">\n\t\t\t<img decoding=\"async\" src=\"https:\/\/langner-anlagenbau.de\/wp-content\/uploads\/2023\/06\/Tanklager-Schwarzheide2-scaled-350x350.jpg\" alt=\"\" width=\"350\" height=\"350\" data-ratio=\"1\" \/>\t\t<\/a>\n\t<\/div>\n\t\t<\/div>\n\t\t<div class=\"qodef-e-content\" >\n\t\t\t<div class=\"qodef-e-info-category\">\n\t\t\t<a itemprop=\"url\" class=\"qodef-e-category\" href=\"https:\/\/langner-anlagenbau.de\/en\/portfolio-category\/referenzen\/\">\n\t\t\tReferenzen\t\t<\/a>\n\t<\/div>\n\t\t\t<h4 itemprop=\"name\" class=\"qodef-e-title entry-title\" >\n\t<a itemprop=\"url\" class=\"qodef-e-title-link\" href=\"https:\/\/langner-anlagenbau.de\/en\/portfolio-item\/silos\/\">\n\t\tFlachbodentanks\t<\/a>\n<\/h4>\t\t<\/div>\n\t<\/div>\n<\/article><article class=\"qodef-e qodef-grid-item qodef-item--custom post-5523 portfolio-item type-portfolio-item status-publish has-post-thumbnail hentry portfolio-category-referenzen portfolio-tag-referenz\">\n\t<div class=\"qodef-e-inner\" >\n\t\t<div class=\"qodef-e-image\">\n\t\t\t\t<div class=\"qodef-e-media-image\">\n\t\t<a itemprop=\"url\" href=\"https:\/\/langner-anlagenbau.de\/en\/portfolio-item\/lagertanks\/\">\n\t\t\t<img decoding=\"async\" src=\"https:\/\/langner-anlagenbau.de\/wp-content\/uploads\/2024\/01\/Ruehrwerk-scaled-350x350.jpg\" alt=\"\" width=\"350\" height=\"350\" data-ratio=\"1\" \/>\t\t<\/a>\n\t<\/div>\n\t\t<\/div>\n\t\t<div class=\"qodef-e-content\" >\n\t\t\t<div class=\"qodef-e-info-category\">\n\t\t\t<a itemprop=\"url\" class=\"qodef-e-category\" href=\"https:\/\/langner-anlagenbau.de\/en\/portfolio-category\/referenzen\/\">\n\t\t\tReferenzen\t\t<\/a>\n\t<\/div>\n\t\t\t<h4 itemprop=\"name\" class=\"qodef-e-title entry-title\" >\n\t<a itemprop=\"url\" class=\"qodef-e-title-link\" href=\"https:\/\/langner-anlagenbau.de\/en\/portfolio-item\/lagertanks\/\">\n\t\tLager- &#038; R\u00fchrbeh\u00e4lter\t<\/a>\n<\/h4>\t\t<\/div>\n\t<\/div>\n<\/article>\t<\/div>\n\t<\/div>\t\t\t\t<\/div>\n\t\t\t\t<\/div>\n\t\t\t\t\t<\/div>\n\t\t<\/div>\n\t\t\t\t\t<\/div>\n\t\t<\/section>\n\t\t\t\t<section class=\"elementor-section elementor-top-section elementor-element elementor-element-e42be82 elementor-section-full_width qodef-elementor-content-grid elementor-section-stretched elementor-section-height-default elementor-section-height-default\" data-id=\"e42be82\" data-element_type=\"section\" data-e-type=\"section\" data-settings=\"{&quot;stretch_section&quot;:&quot;section-stretched&quot;,&quot;background_background&quot;:&quot;classic&quot;}\">\n\t\t\t\t\t\t\t<div class=\"elementor-background-overlay\"><\/div>\n\t\t\t\t\t\t\t<div class=\"elementor-container elementor-column-gap-default\">\n\t\t\t\t\t<div class=\"elementor-column elementor-col-100 elementor-top-column elementor-element elementor-element-b78955b\" data-id=\"b78955b\" data-element_type=\"column\" data-e-type=\"column\">\n\t\t\t<div class=\"elementor-widget-wrap elementor-element-populated\">\n\t\t\t\t\t\t<div class=\"elementor-element elementor-element-9e8ba59 elementor-widget elementor-widget-heading\" data-id=\"9e8ba59\" data-element_type=\"widget\" data-e-type=\"widget\" data-widget_type=\"heading.default\">\n\t\t\t\t<div class=\"elementor-widget-container\">\n\t\t\t\t\t<h2 class=\"elementor-heading-title elementor-size-default\">Sie ben\u00f6tigen eine Anlage?<\/h2>\t\t\t\t<\/div>\n\t\t\t\t<\/div>\n\t\t\t\t<div class=\"elementor-element elementor-element-080f264 elementor-widget elementor-widget-heading\" data-id=\"080f264\" data-element_type=\"widget\" data-e-type=\"widget\" data-widget_type=\"heading.default\">\n\t\t\t\t<div class=\"elementor-widget-container\">\n\t\t\t\t\t<h2 class=\"elementor-heading-title elementor-size-default\">Lassen Sie sich von uns beraten<\/h2>\t\t\t\t<\/div>\n\t\t\t\t<\/div>\n\t\t\t\t<div class=\"elementor-element elementor-element-27ab796 elementor-widget elementor-widget-stal_core_button\" data-id=\"27ab796\" data-element_type=\"widget\" data-e-type=\"widget\" data-widget_type=\"stal_core_button.default\">\n\t\t\t\t<div class=\"elementor-widget-container\">\n\t\t\t\t\t<a class=\"qodef-shortcode qodef-m  qodef-button qodef-layout--splitted qodef-size--small qodef-html--link\" href=\"https:\/\/langneranlagenba-npqunyv8c2.live-website.com\/?page_id=5570\" target=\"_self\"  >\r\n    <span class=\"qodef-m-text\">\r\n        Jetzt kontaktieren        <svg class=\"qodef-m-arrowline\" xmlns=\"http:\/\/www.w3.org\/2000\/svg\" xmlns:xlink=\"http:\/\/www.w3.org\/1999\/xlink\" x=\"0px\" y=\"0px\" viewBox=\"0 0 63 20\" xml:space=\"preserve\">\n                            <line x1=\"61.6\" y1=\"10\" x2=\"61.6\" y2=\"10\"\/>\n                            <line x1=\"62\" y1=\"10\" x2=\"61.6\" y2=\"10\"\/>\n                            <line x1=\"61.6\" y1=\"10\" x2=\"1\" y2=\"10\"\/>\n                            <path d=\"M61.6,10\"\/>\n                            <line x1=\"61.6\" y1=\"10\" x2=\"61.6\" y2=\"10\"\/>\n                            <line class=\"arrow-up\" x1=\"56.7\" y1=\"5.1\" x2=\"61.6\" y2=\"10\"\/>\n                            <path d=\"M61.6,10\"\/>\n                            <line x1=\"61.6\" y1=\"10\" x2=\"61.6\" y2=\"10\"\/>\n                            <line class=\"arrow-down\" x1=\"61.6\" y1=\"10\" x2=\"56.7\" y2=\"14.9\"\/>\n                        <\/svg>    <\/span>\r\n    <span class=\"qodef-m-split qodef-split--up\"><\/span>\r\n    <span class=\"qodef-m-split qodef-split--down\"><\/span>\r\n<\/a>\r\n\t\t\t\t<\/div>\n\t\t\t\t<\/div>\n\t\t\t\t\t<\/div>\n\t\t<\/div>\n\t\t\t\t\t<\/div>\n\t\t<\/section>\n\t\t\t\t<\/div>\n\t\t","protected":false},"excerpt":{"rendered":"<p>Referenzen Langj\u00e4hrige Zuverl\u00e4ssigkeit Wir haben zahlreiche Projekte f\u00fcr namhafte Unternehmen erfolgreich umgesetzt. Unser bew\u00e4hrtes Team von unabh\u00e4ngigen Experten arbeitet eng zusammen, um die Auftr\u00e4ge unter der Federf\u00fchrung von LANGNER abzuwickeln. Den Bau f\u00fchren wir in Zusammenarbeit mit zwei Partnerunternehmen durch. Wir pflegen enge Beziehungen zu unseren Zulieferern, die allesamt T\u00dcV-zertifizierte Unternehmen im In- und Ausland [&hellip;]<\/p>\n","protected":false},"author":1,"featured_media":5640,"parent":0,"menu_order":0,"comment_status":"closed","ping_status":"closed","template":"page-full-width.php","meta":{"footnotes":""},"class_list":["post-5685","page","type-page","status-publish","has-post-thumbnail","hentry"],"_links":{"self":[{"href":"https:\/\/langner-anlagenbau.de\/en\/wp-json\/wp\/v2\/pages\/5685","targetHints":{"allow":["GET"]}}],"collection":[{"href":"https:\/\/langner-anlagenbau.de\/en\/wp-json\/wp\/v2\/pages"}],"about":[{"href":"https:\/\/langner-anlagenbau.de\/en\/wp-json\/wp\/v2\/types\/page"}],"author":[{"embeddable":true,"href":"https:\/\/langner-anlagenbau.de\/en\/wp-json\/wp\/v2\/users\/1"}],"replies":[{"embeddable":true,"href":"https:\/\/langner-anlagenbau.de\/en\/wp-json\/wp\/v2\/comments?post=5685"}],"version-history":[{"count":54,"href":"https:\/\/langner-anlagenbau.de\/en\/wp-json\/wp\/v2\/pages\/5685\/revisions"}],"predecessor-version":[{"id":6405,"href":"https:\/\/langner-anlagenbau.de\/en\/wp-json\/wp\/v2\/pages\/5685\/revisions\/6405"}],"wp:featuredmedia":[{"embeddable":true,"href":"https:\/\/langner-anlagenbau.de\/en\/wp-json\/wp\/v2\/media\/5640"}],"wp:attachment":[{"href":"https:\/\/langner-anlagenbau.de\/en\/wp-json\/wp\/v2\/media?parent=5685"}],"curies":[{"name":"wp","href":"https:\/\/api.w.org\/{rel}","templated":true}]}}